{"id":38,"date":"2024-05-26T21:51:19","date_gmt":"2024-05-26T21:51:19","guid":{"rendered":"https:\/\/rodkrokuskamienpomorski.pl\/?page_id=38"},"modified":"2024-06-25T12:01:25","modified_gmt":"2024-06-25T12:01:25","slug":"kontakt","status":"publish","type":"page","link":"https:\/\/rodkrokuskamienpomorski.pl\/index.php\/kontakt\/","title":{"rendered":"Kontakt"},"content":{"rendered":"\n<div class=\"wp-block-columns is-layout-flex wp-container-core-columns-is-layout-9d6595d7 wp-block-columns-is-layout-flex\">\n<div class=\"wp-block-column is-vertically-aligned-top is-layout-flow wp-block-column-is-layout-flow\" style=\"flex-basis:60%\">\n<style>\n.center {\n  margin: auto;\n  border-left: 5px solid #16A1E7;\n}\n.center td {\n  vertical-align: middle;\n  padding-top:20px;\n  padding-bottom:20px;\n  padding-right:20px;   \n}\n.center img {\n  max-width: none;\n  width: 45px;\n}\n.center h1 {\n  margin-block-start: 0.1em;\n  margin-block-end: 0.1em;\n  padding-bottom:5px;\n  font-weight: bold;\n  color: #6a6a6a;\n  font-size: 24px;\n}\n.center h2 {\n  margin-block-start: 0.1em;\n  margin-block-end: 0.1em;\n  font-weight: bold;\n  color: #6a6a6a;\n  font-size: 20px;\n}\n.center h3 {\n  margin-block-start: 0.1em;\n  margin-block-end: 0.1em;\n  font-weight: normal;\n  color: #6a6a6a;\n  font-size: 20px;\n}\n<\/style>\n<table class=\"center\">\n  <tbody>\n    <tr>\n      <td><img decoding=\"async\" src=\"https:\/\/rodkrokuskamienpomorski.pl\/wp-content\/uploads\/2024\/06\/location-pin_1009850.png\" alt=\"adres\"><\/td>\n      <td><h1>Zarz\u0105d ROD \u201eKROKUS\u201d<\/h1><h3>ul. Ko\u015bciuszki 3A<br>72-400 Kamie\u0144 Pomorski<br>NIP: 9860081061<\/h3><\/td>\n    <\/tr>\n\n    <tr>\n      <td><img decoding=\"async\" src=\"http:\/\/rodkrokuskamienpomorski.pl\/wp-content\/uploads\/2024\/06\/email_2099199.png\" alt=\"email\"><\/td>\n      <td><h3>rod.kamienpomorski@o2.pl<\/h3><\/td>\n    <\/tr>\n\n    <tr>\n      <td><img decoding=\"async\" src=\"http:\/\/rodkrokuskamienpomorski.pl\/wp-content\/uploads\/2024\/06\/phone-call_455705.png\" alt=\"tel.\"><\/td>\n      <td><h3>+48 698 690 431<\/h3><\/td>\n    <\/tr>\n\n    <tr>\n      <td><img decoding=\"async\" src=\"http:\/\/rodkrokuskamienpomorski.pl\/wp-content\/uploads\/2024\/06\/payment_10199621.png\" alt=\"konto 1\"><\/td>\n      <td>\n\t    <h1>06&nbsp;9393&nbsp;0000&nbsp;0014&nbsp;4821&nbsp;2000&nbsp;0010<\/h1>\n\t\t<h2>Konto podstawowe<\/h2>\n\t\t<h3>Dokonujemy na nie wszystkich wp\u0142at bie\u017c\u0105cych.<\/h3>\n\t  <\/td>\n    <\/tr>\n\n\n    <tr>\n      <td><img decoding=\"async\" src=\"http:\/\/rodkrokuskamienpomorski.pl\/wp-content\/uploads\/2024\/06\/payment_10199621.png\" alt=\"konto 2\"><\/td>\n      <td>\n\t    <h1>27&nbsp;9393&nbsp;0000&nbsp;0014&nbsp;4821&nbsp;2000&nbsp;0020<\/h1>\n\t\t<h2>Konto rozwoju ROD<\/h2>\n\t\t<h3>Wp\u0142acamy tu zaliczki na pod\u0142\u0105czenie do sieci energetycznej oraz inne op\u0142aty ustalone przez Walne Zebranie Dzia\u0142kowc\u00f3w w sprawie inwestycji lub remontu w ogrodzie.<\/h3>\n\t  <\/td>\n    <\/tr>\n\n  <\/tbody>\n<\/table>\n<\/div>\n\n\n\n<div class=\"wp-block-column is-layout-flow wp-block-column-is-layout-flow\">\n<table class=\"center\">\n  <tbody>\n    <tr>\n      <td><img decoding=\"async\" src=\"https:\/\/rodkrokuskamienpomorski.pl\/wp-content\/uploads\/2024\/05\/man1.png\" alt=\"osoba\"\/><\/td>\n      <td><h1>Prezes Zarz\u0105du<\/h1><h3>Tel.: +48 698\u00a0690\u00a0431<\/h3><\/td>\n    <\/tr>\n\t<tr>\n      <td><img decoding=\"async\" src=\"https:\/\/rodkrokuskamienpomorski.pl\/wp-content\/uploads\/2024\/05\/man1.png\" alt=\"osoba\"\/><\/td>\n      <td><h1>Wiceprezes Zarz\u0105du<\/h1><h3>Tel.: +48 698\u00a0690\u00a0426<\/h3><\/td>\n    <\/tr>\n\t<tr>\n      <td><img decoding=\"async\" src=\"https:\/\/rodkrokuskamienpomorski.pl\/wp-content\/uploads\/2024\/05\/man1.png\" alt=\"osoba\"\/><\/td>\n      <td><h1>Sekretarz<\/h1><h3>Tel.: +48 784\u00a0050\u00a0056<\/h3><\/td>\n    <\/tr>\n\t<tr>\n      <td><img decoding=\"async\" src=\"https:\/\/rodkrokuskamienpomorski.pl\/wp-content\/uploads\/2024\/05\/man1.png\" alt=\"osoba\"\/><\/td>\n      <td><h1>Skarbnik<\/h1><h3>Tel.: +48 784\u00a0058\u00a0161<\/h3><\/td>\n    <\/tr>\n\t<tr>\n      <td><img decoding=\"async\" src=\"https:\/\/rodkrokuskamienpomorski.pl\/wp-content\/uploads\/2024\/05\/man1.png\" alt=\"osoba\"\/><\/td>\n      <td><h1>Gospodarz<\/h1><h3>Tel.: +48 784\u00a0056 221<\/h3><\/td>\n    <\/tr>\n  <\/tbody>\n<\/table>\n<\/div>\n<\/div>\n","protected":false},"excerpt":{"rendered":"<p>Zarz\u0105d ROD \u201eKROKUS\u201d ul. Ko\u015bciuszki 3A72-400 Kamie\u0144 PomorskiNIP: 9860081061 rod.kamienpomorski@o2.pl +48 698 690 431 06&nbsp;9393&nbsp;0000&nbsp;0014&nbsp;4821&nbsp;2000&nbsp;0010 Konto podstawowe Dokonujemy na nie wszystkich wp\u0142at bie\u017c\u0105cych. 27&nbsp;9393&nbsp;0000&nbsp;0014&nbsp;4821&nbsp;2000&nbsp;0020 Konto rozwoju ROD Wp\u0142acamy tu zaliczki na pod\u0142\u0105czenie do sieci energetycznej oraz inne op\u0142aty ustalone przez Walne Zebranie Dzia\u0142kowc\u00f3w w sprawie inwestycji lub remontu w ogrodzie. Prezes Zarz\u0105du Tel.: +48 698\u00a0690\u00a0431\u2026 <span class=\"read-more\"><a href=\"https:\/\/rodkrokuskamienpomorski.pl\/index.php\/kontakt\/\">Dowiedz si\u0119 wi\u0119cej &raquo;<\/a><\/span><\/p>\n","protected":false},"author":1,"featured_media":0,"parent":0,"menu_order":0,"comment_status":"closed","ping_status":"closed","template":"page-templates\/full-width.php","meta":{"footnotes":""},"class_list":["post-38","page","type-page","status-publish","hentry"],"_links":{"self":[{"href":"https:\/\/rodkrokuskamienpomorski.pl\/index.php\/wp-json\/wp\/v2\/pages\/38","targetHints":{"allow":["GET"]}}],"collection":[{"href":"https:\/\/rodkrokuskamienpomorski.pl\/index.php\/wp-json\/wp\/v2\/pages"}],"about":[{"href":"https:\/\/rodkrokuskamienpomorski.pl\/index.php\/wp-json\/wp\/v2\/types\/page"}],"author":[{"embeddable":true,"href":"https:\/\/rodkrokuskamienpomorski.pl\/index.php\/wp-json\/wp\/v2\/users\/1"}],"replies":[{"embeddable":true,"href":"https:\/\/rodkrokuskamienpomorski.pl\/index.php\/wp-json\/wp\/v2\/comments?post=38"}],"version-history":[{"count":22,"href":"https:\/\/rodkrokuskamienpomorski.pl\/index.php\/wp-json\/wp\/v2\/pages\/38\/revisions"}],"predecessor-version":[{"id":177,"href":"https:\/\/rodkrokuskamienpomorski.pl\/index.php\/wp-json\/wp\/v2\/pages\/38\/revisions\/177"}],"wp:attachment":[{"href":"https:\/\/rodkrokuskamienpomorski.pl\/index.php\/wp-json\/wp\/v2\/media?parent=38"}],"curies":[{"name":"wp","href":"https:\/\/api.w.org\/{rel}","templated":true}]}}