{"id":87,"date":"2024-05-31T12:27:19","date_gmt":"2024-05-31T12:27:19","guid":{"rendered":"https:\/\/rodkrokuskamienpomorski.pl\/?page_id=87"},"modified":"2024-05-31T12:50:04","modified_gmt":"2024-05-31T12:50:04","slug":"strona-glowna","status":"publish","type":"page","link":"https:\/\/rodkrokuskamienpomorski.pl\/","title":{"rendered":"Strona g\u0142\u00f3wna"},"content":{"rendered":"\n<p>Aktualno\u015bci:<\/p>\n\n\n<ul class=\"wp-block-latest-posts__list has-dates has-author wp-block-latest-posts\"><li><div class=\"wp-block-latest-posts__featured-image alignleft\"><img loading=\"lazy\" decoding=\"async\" width=\"150\" height=\"150\" src=\"https:\/\/rodkrokuskamienpomorski.pl\/wp-content\/uploads\/2026\/03\/pilot-150x150.png\" class=\"attachment-thumbnail size-thumbnail wp-post-image\" alt=\"\" style=\"\" srcset=\"https:\/\/rodkrokuskamienpomorski.pl\/wp-content\/uploads\/2026\/03\/pilot-150x150.png 150w, https:\/\/rodkrokuskamienpomorski.pl\/wp-content\/uploads\/2026\/03\/pilot-300x300.png 300w, https:\/\/rodkrokuskamienpomorski.pl\/wp-content\/uploads\/2026\/03\/pilot.png 512w\" sizes=\"auto, (max-width: 150px) 100vw, 150px\" \/><\/div><a class=\"wp-block-latest-posts__post-title\" href=\"https:\/\/rodkrokuskamienpomorski.pl\/index.php\/2026\/03\/14\/stany-licznikow-2-2-3-2\/\">Informacja<\/a><div class=\"wp-block-latest-posts__post-author\">przez Administrator<\/div><time datetime=\"2026-03-14T18:33:11+00:00\" class=\"wp-block-latest-posts__post-date\">14 marca 2026<\/time><div class=\"wp-block-latest-posts__post-full-content\"><!-- wp:paragraph -->\n<p><strong>Dzia\u0142kowc\u00f3w korzystaj\u0105cych z zezwolenia na wjazd samochodem na teren dzia\u0142ek<\/strong> prosimy o dostarczenie do <strong>Biura Ogrodu<\/strong> pilota \/ czipa w celu <strong>wymiany<\/strong>.<\/p>\n<!-- \/wp:paragraph -->\n\n<!-- wp:paragraph -->\n<p>Prosimy r\u00f3wnie\u017c o podanie <strong>numeru rejestracyjnego pojazdu<\/strong>.<\/p>\n<!-- \/wp:paragraph -->\n\n<!-- wp:paragraph -->\n<p><strong>Biuro czynne w ka\u017cdy pi\u0105tek w godz. 14:00\u201317:00.<\/strong><\/p>\n<!-- \/wp:paragraph -->\n\n<!-- wp:paragraph -->\n<p>Zarz\u0105d ROD KROKUS<\/p>\n<!-- \/wp:paragraph -->\n\n<!-- wp:separator -->\n<hr class=\"wp-block-separator has-alpha-channel-opacity\" \/>\n<!-- \/wp:separator -->\n\n<!-- wp:paragraph -->\n<p><\/p>\n<!-- \/wp:paragraph --><\/div><\/li>\n<li><div class=\"wp-block-latest-posts__featured-image alignleft\"><img loading=\"lazy\" decoding=\"async\" width=\"150\" height=\"150\" src=\"https:\/\/rodkrokuskamienpomorski.pl\/wp-content\/uploads\/2024\/06\/klodka1-150x150.png\" class=\"attachment-thumbnail size-thumbnail wp-post-image\" alt=\"\" style=\"\" srcset=\"https:\/\/rodkrokuskamienpomorski.pl\/wp-content\/uploads\/2024\/06\/klodka1-150x150.png 150w, https:\/\/rodkrokuskamienpomorski.pl\/wp-content\/uploads\/2024\/06\/klodka1.png 225w\" sizes=\"auto, (max-width: 150px) 100vw, 150px\" \/><\/div><a class=\"wp-block-latest-posts__post-title\" href=\"https:\/\/rodkrokuskamienpomorski.pl\/index.php\/2025\/05\/28\/informacja-o-uruchomieniu-systemu-otwierania-bram-wjazdowych\/\">Informacja o uruchomieniu systemu otwierania bram wjazdowych<\/a><div class=\"wp-block-latest-posts__post-author\">przez Administrator<\/div><time datetime=\"2025-05-28T20:41:20+00:00\" class=\"wp-block-latest-posts__post-date\">28 maja 2025<\/time><div class=\"wp-block-latest-posts__post-full-content\"><!-- wp:paragraph -->\n<p>Zarz\u0105d ROD KROKUS w Kamieniu Pomorskim informuje, \u017ce w najbli\u017cszym miesi\u0105cu zostanie uruchomiony mechaniczny system otwierania bram wjazdowych.<\/p>\n<!-- \/wp:paragraph -->\n\n<!-- wp:paragraph -->\n<p>Dzia\u0142kowcy, kt\u00f3rzy chc\u0105 korzysta\u0107 z automatycznego otwierania bram, musz\u0105 spe\u0142ni\u0107 nast\u0119puj\u0105ce warunki:<\/p>\n<!-- \/wp:paragraph -->\n\n<!-- wp:list {\"ordered\":true} -->\n<ol class=\"wp-block-list\"><!-- wp:list-item -->\n<li>Posiada\u0107 zgod\u0119 Zarz\u0105du na wjazd.<\/li>\n<!-- \/wp:list-item -->\n\n<!-- wp:list-item -->\n<li>Op\u0142aci\u0107 roczn\u0105 sk\u0142adk\u0119 na napraw\u0119 alejek w wysoko\u015bci 100 z\u0142, zgodnie z regulaminem korzystania z alejek ogrodowych (Uchwa\u0142a Walnego Zebrania Dzia\u0142kowc\u00f3w).<\/li>\n<!-- \/wp:list-item -->\n\n<!-- wp:list-item -->\n<li>Dokona\u0107 wp\u0142aty na zakup czipa lub pilota:<!-- wp:list -->\n<ul class=\"wp-block-list\"><!-- wp:list-item -->\n<li>Czip \u2013 50 z\u0142<\/li>\n<!-- \/wp:list-item -->\n\n<!-- wp:list-item -->\n<li>Pilot \u2013 150 z\u0142<\/li>\n<!-- \/wp:list-item --><\/ul>\n<!-- \/wp:list --><\/li>\n<!-- \/wp:list-item --><\/ol>\n<!-- \/wp:list -->\n\n<!-- wp:paragraph -->\n<p>Op\u0142at nale\u017cy dokonywa\u0107 na konto ogrodu:<br><strong>06 9393 0000 0014 4821 2000 0010<\/strong><\/p>\n<!-- \/wp:paragraph -->\n\n<!-- wp:paragraph -->\n<p>Zarz\u0105d ROD<\/p>\n<!-- \/wp:paragraph -->\n\n<!-- wp:separator -->\n<hr class=\"wp-block-separator has-alpha-channel-opacity\" \/>\n<!-- \/wp:separator --><\/div><\/li>\n<li><div class=\"wp-block-latest-posts__featured-image alignleft\"><img loading=\"lazy\" decoding=\"async\" width=\"150\" height=\"150\" src=\"https:\/\/rodkrokuskamienpomorski.pl\/wp-content\/uploads\/2024\/10\/megaphone-150x150.png\" class=\"attachment-thumbnail size-thumbnail wp-post-image\" alt=\"\" style=\"\" srcset=\"https:\/\/rodkrokuskamienpomorski.pl\/wp-content\/uploads\/2024\/10\/megaphone-150x150.png 150w, https:\/\/rodkrokuskamienpomorski.pl\/wp-content\/uploads\/2024\/10\/megaphone-300x300.png 300w, https:\/\/rodkrokuskamienpomorski.pl\/wp-content\/uploads\/2024\/10\/megaphone.png 360w\" sizes=\"auto, (max-width: 150px) 100vw, 150px\" \/><\/div><a class=\"wp-block-latest-posts__post-title\" href=\"https:\/\/rodkrokuskamienpomorski.pl\/index.php\/2024\/10\/08\/stany-licznikow-2-2\/\">APEL<\/a><div class=\"wp-block-latest-posts__post-author\">przez Administrator<\/div><time datetime=\"2024-10-08T11:00:15+00:00\" class=\"wp-block-latest-posts__post-date\">8 pa\u017adziernika 2024<\/time><div class=\"wp-block-latest-posts__post-full-content\"><!-- wp:paragraph {\"align\":\"left\"} -->\n<p class=\"has-text-align-left\">Zarz\u0105d ROD w Kamieniu Pomorskim apeluje do dzia\u0142kowc\u00f3w o podanie do Zarz\u0105du ROD adres\u00f3w poczty elektronicznej (<strong>adres\u00f3w e-mail<\/strong>) co pozwoli na szybsz\u0105 komunikacj\u0119 na lini dzia\u0142kowcy-zarz\u0105d ROD jak m.in. informacje o op\u0142atach, zmianach w przepisach.<br>Jednocze\u015bnie prosimy dzia\u0142kowc\u00f3w, kt\u00f3rzy zmienili adres o przekazanie zmian do zarz\u0105du<br>Adres mail zarz\u0105du ROD KROKUS: <strong>rod.kamienpomorski@o2.pl<\/strong><br>Strona internetowa: <strong>rodkrokuskarienpomorski.pl<\/strong><\/p>\n<!-- \/wp:paragraph -->\n\n<!-- wp:paragraph -->\n<p>Zarz\u0105d ROD<\/p>\n<!-- \/wp:paragraph -->\n\n<!-- wp:separator -->\n<hr class=\"wp-block-separator has-alpha-channel-opacity\" \/>\n<!-- \/wp:separator -->\n\n<!-- wp:paragraph -->\n<p><\/p>\n<!-- \/wp:paragraph --><\/div><\/li>\n<\/ul>","protected":false},"excerpt":{"rendered":"<p>Aktualno\u015bci:<\/p>\n","protected":false},"author":1,"featured_media":0,"parent":0,"menu_order":0,"comment_status":"closed","ping_status":"closed","template":"","meta":{"footnotes":""},"class_list":["post-87","page","type-page","status-publish","hentry"],"_links":{"self":[{"href":"https:\/\/rodkrokuskamienpomorski.pl\/index.php\/wp-json\/wp\/v2\/pages\/87","targetHints":{"allow":["GET"]}}],"collection":[{"href":"https:\/\/rodkrokuskamienpomorski.pl\/index.php\/wp-json\/wp\/v2\/pages"}],"about":[{"href":"https:\/\/rodkrokuskamienpomorski.pl\/index.php\/wp-json\/wp\/v2\/types\/page"}],"author":[{"embeddable":true,"href":"https:\/\/rodkrokuskamienpomorski.pl\/index.php\/wp-json\/wp\/v2\/users\/1"}],"replies":[{"embeddable":true,"href":"https:\/\/rodkrokuskamienpomorski.pl\/index.php\/wp-json\/wp\/v2\/comments?post=87"}],"version-history":[{"count":2,"href":"https:\/\/rodkrokuskamienpomorski.pl\/index.php\/wp-json\/wp\/v2\/pages\/87\/revisions"}],"predecessor-version":[{"id":99,"href":"https:\/\/rodkrokuskamienpomorski.pl\/index.php\/wp-json\/wp\/v2\/pages\/87\/revisions\/99"}],"wp:attachment":[{"href":"https:\/\/rodkrokuskamienpomorski.pl\/index.php\/wp-json\/wp\/v2\/media?parent=87"}],"curies":[{"name":"wp","href":"https:\/\/api.w.org\/{rel}","templated":true}]}}